{"id":1160,"date":"2016-10-26T10:23:49","date_gmt":"2016-10-26T10:23:49","guid":{"rendered":"http:\/\/www.optowiki.info\/de\/?page_id=1160"},"modified":"2016-10-26T10:23:49","modified_gmt":"2016-10-26T10:23:49","slug":"wie-rechnet-man-optische-inch-in-bildkreisdurchmesser-um","status":"publish","type":"page","link":"https:\/\/www.optowiki.info\/de\/faq\/faq-umrechnung\/wie-rechnet-man-optische-inch-in-bildkreisdurchmesser-um\/","title":{"rendered":"Wie rechnet man optische Inch in Bildkreisdurchmesser um?"},"content":{"rendered":"<div class=\"warning\">\nBitte verwechseln Sie <strong>nicht<\/strong> Inch aus dem &sbquo;richtigen Leben&ldquo; mit optischen Inches.\n<\/div>\n<div class=\"example\">\n1&Prime; (real world) = 25.4mm, aber<br>\n1&Prime; (optics) = 16mm<br>\n1\/3&Prime;  (real world) = 8.47mm<br>\n1\/3&Prime;  (optics) = 6mm\n<\/div>\n<div class=\"warning\">\n1\/3&Prime; ist in der Optik <strong>nicht<\/strong> (1&Prime; (optics) \/ 3 !!\n<\/div>\n<div class=\"example\">\nEin Sensor hei&szlig;t zum Beispiel Drittel-Inch-Sensor, wenn die Vidicon-R&ouml;hre, die f&uuml;r diesen <a href=\"https:\/\/www.optowiki.info\/de\/glossar\/bildkreis\/\" target=\"_self\" title=\"Maximaler (Durchmesser des) Kreis(es) auf dem Sensor mit Bildinformation (guter Qualit&auml;t).\" class=\"encyclopedia\">Bildkreis<\/a> ben&ouml;tigt wird im &bdquo;richtigen Leben&ldquo; 1\/3 Inch Durchmesser h&auml;tte<\/div>\n<p>Hier ist ein Rechner, der Umrechnung vornimmt: <\/p>\n<div class=\"calculator\">\n\n<\/div>\n","protected":false},"excerpt":{"rendered":"<p>Bitte verwechseln Sie nicht Inch aus dem &#8218;richtigen Leben&#8220; mit optischen Inches. 1&#8243; (real world) = 25.4mm, aber 1&#8243; (optics) = 16mm 1\/3&#8243; (real world) = 8.47mm 1\/3&#8243; (optics) = 6mm 1\/3&#8243; ist in der Optik nicht (1&#8243; (optics) \/ 3 !! Ein Sensor hei\u00dft zum Beispiel Drittel-Inch-Sensor, wenn die Vidicon-R\u00f6hre, die f\u00fcr diesen Bildkreis [&hellip;]<\/p>\n","protected":false},"author":2,"featured_media":0,"parent":1247,"menu_order":0,"comment_status":"closed","ping_status":"closed","template":"","meta":{"footnotes":""},"class_list":["post-1160","page","type-page","status-publish","hentry"],"_links":{"self":[{"href":"https:\/\/www.optowiki.info\/de\/wp-json\/wp\/v2\/pages\/1160","targetHints":{"allow":["GET"]}}],"collection":[{"href":"https:\/\/www.optowiki.info\/de\/wp-json\/wp\/v2\/pages"}],"about":[{"href":"https:\/\/www.optowiki.info\/de\/wp-json\/wp\/v2\/types\/page"}],"author":[{"embeddable":true,"href":"https:\/\/www.optowiki.info\/de\/wp-json\/wp\/v2\/users\/2"}],"replies":[{"embeddable":true,"href":"https:\/\/www.optowiki.info\/de\/wp-json\/wp\/v2\/comments?post=1160"}],"version-history":[{"count":1,"href":"https:\/\/www.optowiki.info\/de\/wp-json\/wp\/v2\/pages\/1160\/revisions"}],"predecessor-version":[{"id":1272,"href":"https:\/\/www.optowiki.info\/de\/wp-json\/wp\/v2\/pages\/1160\/revisions\/1272"}],"up":[{"embeddable":true,"href":"https:\/\/www.optowiki.info\/de\/wp-json\/wp\/v2\/pages\/1247"}],"wp:attachment":[{"href":"https:\/\/www.optowiki.info\/de\/wp-json\/wp\/v2\/media?parent=1160"}],"curies":[{"name":"wp","href":"https:\/\/api.w.org\/{rel}","templated":true}]}}