{"id":1247,"date":"2016-10-25T14:37:30","date_gmt":"2016-10-25T14:37:30","guid":{"rendered":"http:\/\/www.optowiki.info\/de\/?page_id=1247"},"modified":"2022-12-06T12:22:51","modified_gmt":"2022-12-06T12:22:51","slug":"faq-umrechnung","status":"publish","type":"page","link":"https:\/\/www.optowiki.info\/de\/faq\/faq-umrechnung\/","title":{"rendered":"FAQ: Umrechnung"},"content":{"rendered":"<ul>\n<li><a title=\"Wie rechnet man Dioptrien in Brennweite um?\" href=\"http:\/\/www.optowiki.info\/de\/faq\/wie-rechnet-man-dioptrien-in-brennweite-um\/\">Wie rechnet man Dioptrien in Brennweite um?<\/a><\/li>\n<li><a title=\"Wie rechnet man Dioptrien in Brennweite um?\" href=\"http:\/\/www.optowiki.info\/de\/faq\/wie-rechnet-man-dioptrien-in-brennweite-um\/\">Wie rechnet man Brennweite in Dioptrien&nbsp;um?<\/a><\/li>\n<li><a href=\"http:\/\/www.optowiki.info\/de\/faq\/wie-rechnet-man-die-pixelgrose-in-linienpaare-pro-millimeter-um\/\">Wie rechnet man die Pixelgr&ouml;&szlig;e in Linienpaare pro millimeter um ?<\/a><\/li>\n<li><a href=\"http:\/\/www.optowiki.info\/de\/faq\/wie-rechnet-man-linienpaare-pro-millimeter-in-pixelgroesse-um\/\">Wie rechnet man Linienpaare pro Millimeter in Pixelgr&ouml;&szlig;e um?<\/a><\/li>\n<li><a href=\"http:\/\/www.optowiki.info\/de\/faq\/faq-umrechnung\/wie-berechnet-man-die-blendenzahl-aus-der-numerischen-apertur\/\">Wie berechnet man die Blendenzahl aus der Numerischen Apertur?<\/a><\/li>\n<li><a href=\"http:\/\/www.optowiki.info\/de\/faq\/faq-umrechnung\/wie-rechnet-man-optische-inch-in-bildkreisdurchmesser-um\">Wie rechnet man optische Inch in Bildkreisdurchmesser um?<\/a><\/li>\n<li><a href=\"http:\/\/www.optowiki.info\/how-to-convert-pixel-count-and-size-to-inches\/\">Wie rechnet man Pixelzahl und -gr&ouml;&szlig;e in inch um?<\/a><\/li>\n<\/ul>\n","protected":false},"excerpt":{"rendered":"<p>Wie rechnet man Dioptrien in Brennweite um? Wie rechnet man Brennweite in Dioptrien\u00a0um? Wie rechnet man die Pixelgr\u00f6\u00dfe in Linienpaare pro millimeter um ? Wie rechnet man Linienpaare pro Millimeter in Pixelgr\u00f6\u00dfe um? Wie berechnet man die Blendenzahl aus der Numerischen Apertur? Wie rechnet man optische Inch in Bildkreisdurchmesser um? Wie rechnet man Pixelzahl und [&hellip;]<\/p>\n","protected":false},"author":2,"featured_media":0,"parent":189,"menu_order":0,"comment_status":"closed","ping_status":"closed","template":"","meta":{"footnotes":""},"class_list":["post-1247","page","type-page","status-publish","hentry"],"_links":{"self":[{"href":"https:\/\/www.optowiki.info\/de\/wp-json\/wp\/v2\/pages\/1247","targetHints":{"allow":["GET"]}}],"collection":[{"href":"https:\/\/www.optowiki.info\/de\/wp-json\/wp\/v2\/pages"}],"about":[{"href":"https:\/\/www.optowiki.info\/de\/wp-json\/wp\/v2\/types\/page"}],"author":[{"embeddable":true,"href":"https:\/\/www.optowiki.info\/de\/wp-json\/wp\/v2\/users\/2"}],"replies":[{"embeddable":true,"href":"https:\/\/www.optowiki.info\/de\/wp-json\/wp\/v2\/comments?post=1247"}],"version-history":[{"count":9,"href":"https:\/\/www.optowiki.info\/de\/wp-json\/wp\/v2\/pages\/1247\/revisions"}],"predecessor-version":[{"id":1394,"href":"https:\/\/www.optowiki.info\/de\/wp-json\/wp\/v2\/pages\/1247\/revisions\/1394"}],"up":[{"embeddable":true,"href":"https:\/\/www.optowiki.info\/de\/wp-json\/wp\/v2\/pages\/189"}],"wp:attachment":[{"href":"https:\/\/www.optowiki.info\/de\/wp-json\/wp\/v2\/media?parent=1247"}],"curies":[{"name":"wp","href":"https:\/\/api.w.org\/{rel}","templated":true}]}}