{"id":1565,"date":"2024-06-12T14:09:25","date_gmt":"2024-06-12T14:09:25","guid":{"rendered":"https:\/\/www.optowiki.info\/de\/?page_id=1565"},"modified":"2024-06-12T14:52:01","modified_gmt":"2024-06-12T14:52:01","slug":"nd-filter","status":"publish","type":"page","link":"https:\/\/www.optowiki.info\/de\/nd-filter\/","title":{"rendered":"ND Filter"},"content":{"rendered":"<h2>Was sind ND Filter?<\/h2>\n<p>ND-Filter steht f&uuml;r &bdquo;Neutral-Density-Filter&ldquo; oder &bdquo;Neutraldichtefilter&ldquo;<br>\nAndere Filter wollen die einen Teil des Lichtspektrums unterdr&uuml;cken , z.B. das NIR Licht oder das sichtbare Licht (VIS).<br>\nBandpass-Filter wollen zum Beispiel ganze Wellenl&auml;ngenbereiche (&bdquo;B&auml;nder&ldquo;) durchlassen oder blockieren.<br>\nSolche Filter ver&auml;ndern typischerweise die Farben im aufgenommenen Bild:<\/p>\n<p>ND Filter sind dagegen &bdquo;neutral&ldquo; und wollen nur die Dichte (Helligkeit) der Wellenl&auml;ngen gleichm&auml;&szlig;ig ver&auml;ndern.<\/p>\n<h2>Wann verwendet man ND Filter?<\/h2>\n<h3>Hintergrundausblendung<\/h3>\n<p>Weshalb k&ouml;nnte man daran interessiert sein, das Bild z.B. 8mal oder 32mal dunkler zu machen? Man m&uuml;&szlig;te dann ja 8mal oder 32mal l&auml;nger belichten.<br>\nGenau diesen scheinbaren Nachteil kann man ausnutzen: Sind in einer Szene Dinge im Hintergrund die man unterdr&uuml;cken m&ouml;chte kann man z.B. einen ND10 Filter verwenden, der das ganze Bild 10x dunkler macht.<br>\nNa prima. Jetzt ist auch der Vordergrund verschwunden an dem wir interessiert sind.<br>\nBlitzt man aber den Vordergrund, wird der Vordergrund wieder sichtbar, der Hintergrund bleibt aber weitgehend dunkel. Ein Blitzen im normal beleuchteten Raum h&auml;tte den Hintergrund erhalten.<\/p>\n<h3>Glanzlichter unterdr&uuml;cken<\/h3>\n<p>Bewegt sich ein helles oder gl&auml;nzendes Licht schnell, m&uuml;sste man es eigentlich blitzen um Bewegungsunsch&auml;rfen zu vermeiden. Jetzt w&auml;re das helle Objekt aber &uuml;berbelichtet. Ein ND Filter hilft.<\/p>\n<h3>Abdunkeln des Bildes ohne Aufl&ouml;sungsverlust<\/h3>\n<p>Ist ein Bild zu hell, z.B. ein sehr feines, dichtes Streifenmuster direkt vor einer Lampe w&uuml;rde ein starkes Abblenden die feinen Details unsichtbar machen, weil das Airscheibchen linear mit der <a href=\"https:\/\/www.optowiki.info\/de\/glossar\/blendenzahl\/\" target=\"_self\" title=\"[latexpage] Zahl, die die Lichtst&auml;rke eines Objektive charakterisiert Je kleiner die Zahl, desto lichtempfindlicher ist ein Objektiv, desto heller das Bild, desto kleiner aber die Tiefensch&auml;rfe. Je gr&ouml;sser die Zahl,desto dunkler ist das Bild, allerdings ist i.a. die Tiefensch&auml;rfe h&ouml;her. Gleichzeitig verliert man an Aufl&ouml;sung, siehe Rayleigh-Kriterium) Die Blendenzahl gibt das Verh&auml;ltnis aus Brennweite zu&hellip;\" class=\"encyclopedia\">Blendenzahl<\/a> w&auml;chst. Ein ND Filter beh&auml;lt die Aufl&ouml;sung bei.<\/p>\n<p>&nbsp;<\/p>\n<h2>Erreiche&nbsp; ich den gleichen Effekt eines ND-Filters auch mit einer gr&ouml;&szlig;eren Blendenzahl?<\/h2>\n<p>Kurzantwort: Nein, die Wirkungsweise und Seiteneffekte sind unterschiedlich.<\/p>\n<h2>Welche Vorteile haben ND-Filter vor dem Abblenden des Objektivs?<\/h2>\n<ul>\n<li>Durch das Abblenden erh&ouml;ht sich als Seiteneffekt die <a href=\"https:\/\/www.optowiki.info\/de\/glossar\/scharfentiefe\/\" target=\"_self\" title=\"[latexpage] Abstands-Bereich in dem das Bild hinreichend fokussiert ist. Es gilt : DOF&nbsp;= Fernpunkt - Nahpunkt Die gr&ouml;sste Sch&auml;rfentiefe (n&auml;mlich $\\infty$) erh&auml;lt man, wenn man das Objektiv auf die sog. Hyperfokale Distanz H einstellt. Dann ist von $\\frac{H}{2}$ bis $\\infty$ fokussiert. siehe auch: Kann man die Sch&auml;rfentiefe durch &Auml;nderung der Brennweite erh&ouml;hen, wenn Helligkeit und&hellip;\" class=\"encyclopedia\">Sch&auml;rfentiefe<\/a>.<br>\nM&ouml;chte man also eine kleine <a href=\"https:\/\/www.optowiki.info\/de\/glossar\/scharfentiefe\/\" target=\"_self\" title=\"[latexpage] Abstands-Bereich in dem das Bild hinreichend fokussiert ist. Es gilt : DOF&nbsp;= Fernpunkt - Nahpunkt Die gr&ouml;sste Sch&auml;rfentiefe (n&auml;mlich $\\infty$) erh&auml;lt man, wenn man das Objektiv auf die sog. Hyperfokale Distanz H einstellt. Dann ist von $\\frac{H}{2}$ bis $\\infty$ fokussiert. siehe auch: Kann man die Sch&auml;rfentiefe durch &Auml;nderung der Brennweite erh&ouml;hen, wenn Helligkeit und&hellip;\" class=\"encyclopedia\">Sch&auml;rfentiefe<\/a> beibehalten, aber ein dunkleres Bild haben , bieten sich ND Filter an.<\/li>\n<li>Muss um eine hohe Blendenstufe abgeblendet werden, geht das oft auf Kosten der Aufl&ouml;sung, weil die Gr&ouml;&szlig;e des Airyscheibchens linear von der <a href=\"https:\/\/www.optowiki.info\/de\/glossar\/blendenzahl\/\" target=\"_self\" title=\"[latexpage] Zahl, die die Lichtst&auml;rke eines Objektive charakterisiert Je kleiner die Zahl, desto lichtempfindlicher ist ein Objektiv, desto heller das Bild, desto kleiner aber die Tiefensch&auml;rfe. Je gr&ouml;sser die Zahl,desto dunkler ist das Bild, allerdings ist i.a. die Tiefensch&auml;rfe h&ouml;her. Gleichzeitig verliert man an Aufl&ouml;sung, siehe Rayleigh-Kriterium) Die Blendenzahl gibt das Verh&auml;ltnis aus Brennweite zu&hellip;\" class=\"encyclopedia\">Blendenzahl<\/a> abh&auml;ngt.<br>\nBraucht man ein dunkleres Bild unver&auml;nderter Aufl&ouml;sung sollte man also einen ND filter benutzen.<\/li>\n<\/ul>\n<div class=\"warning\">\n<h2>Achtung, Falle!<\/h2>\n<p>Es gibt zwei Schreibweisen f&uuml;r ND-Filter Angaben, die sich komplett unterscheiden:<br>\nAngaben wie ND8 oder ND1000 bezeichnen einen Filter der 8 bzw. 1000mal l&auml;ngere Belichtungszeit ben&ouml;tigt.<br>\nDie gleichen Filter werden manchmal mit ND3.0 und ND10.0 bezeichnet, mit 3 Blendenstufen bzw. 10 Blendenstufen, oder mit 3 oder 10 &bdquo;stops&ldquo;.\n<\/p><\/div>\n<div class=\"tip\">\nBei jedem Blendenstop Abblendung wird der Blendendurchmesser um den Faktor 1.41 8 = Wurzel aus Zwei) kleiner, Die Fl&auml;che der Blende also um Faktor (1.41)^2 = ca. 2<br>\nUm ein gleichhelles Bild zu erhalten muss man bei jeder Stufe um Faktor 2 l&auml;nger belichten\n<\/div>\n<div class=\"example\">\nND3.0 bezeichnet 3 stops also eine 2*2*2 = 8 l&auml;ngere Belichtungszeit\n<\/div>\n<div class=\"example\">\nND10.0 bezeichnet 10 stops also eine 2*2*2&hellip;.*2 = 1024 l&auml;ngere Belichtungszeit.\n<\/div>\n<h2>Kann man ND-Filter stapeln?<\/h2>\n<p>Ja, dabei addiert sich die Anzahl der Stops, multipliziert sich aber die Belichtungzeitfaktoren.<\/p>\n<div class=\"example\">\nN3 + N3 = N6<br>\n3mal l&auml;nger belichten nach&nbsp; 3 mal l&auml;nger Belichten = 6 mal l&auml;nger belichten\n<\/div>\n<div class=\"example\">\nN2.0 + N2.0 = N4.0<br>\n2^2 = 4mal l&auml;nger belichten nach&nbsp; 2^2= 4 mal l&auml;nger Belichten = 2^4 = 16 mal l&auml;nger belichten\n<\/div>\n<div class=\"example\">\nDas Mischen ist bei verschiedenen Angaben ist etwas schwerer:<br>\nN3.0 + N2 = N8 + N2 = N10<br>\n2^3 = 8 mal l&auml;nger belichten nach 2 mal l&auml;nger belichten = 10 mal l&auml;nger belichten.<br>\nDabei ist ND10 = 2^3.32 l&auml;nger belichten = ND3.2\n<\/div>\n<div class=\"warning\">\nSchlu&szlig;folgerung:<br>\nEs muss <strong>immer<\/strong> gefragt werden was der andere erreichen m&ouml;chte, sonst kann man sehr leicht aneinander vorbeireden.<br>\nFragt man selbst nach ND Filtern, dann am besten immer gleich dazu sagen, wie viel mal l&auml;nger man belichten m&ouml;chte.\n<\/div>\n","protected":false},"excerpt":{"rendered":"<p>Was sind ND Filter? ND-Filter steht f\u00fcr &#8222;Neutral-Density-Filter&#8220; oder &#8222;Neutraldichtefilter&#8220; Andere Filter wollen die einen Teil des Lichtspektrums unterdr\u00fccken , z.B. das NIR Licht oder das sichtbare Licht (VIS). Bandpass-Filter wollen zum Beispiel ganze Wellenl\u00e4ngenbereiche (&#8222;B\u00e4nder&#8220;) durchlassen oder blockieren. Solche Filter ver\u00e4ndern typischerweise die Farben im aufgenommenen Bild: ND Filter sind dagegen &#8222;neutral&#8220; und wollen [&hellip;]<\/p>\n","protected":false},"author":2,"featured_media":0,"parent":0,"menu_order":0,"comment_status":"closed","ping_status":"closed","template":"","meta":{"footnotes":""},"class_list":["post-1565","page","type-page","status-publish","hentry"],"_links":{"self":[{"href":"https:\/\/www.optowiki.info\/de\/wp-json\/wp\/v2\/pages\/1565","targetHints":{"allow":["GET"]}}],"collection":[{"href":"https:\/\/www.optowiki.info\/de\/wp-json\/wp\/v2\/pages"}],"about":[{"href":"https:\/\/www.optowiki.info\/de\/wp-json\/wp\/v2\/types\/page"}],"author":[{"embeddable":true,"href":"https:\/\/www.optowiki.info\/de\/wp-json\/wp\/v2\/users\/2"}],"replies":[{"embeddable":true,"href":"https:\/\/www.optowiki.info\/de\/wp-json\/wp\/v2\/comments?post=1565"}],"version-history":[{"count":7,"href":"https:\/\/www.optowiki.info\/de\/wp-json\/wp\/v2\/pages\/1565\/revisions"}],"predecessor-version":[{"id":1572,"href":"https:\/\/www.optowiki.info\/de\/wp-json\/wp\/v2\/pages\/1565\/revisions\/1572"}],"wp:attachment":[{"href":"https:\/\/www.optowiki.info\/de\/wp-json\/wp\/v2\/media?parent=1565"}],"curies":[{"name":"wp","href":"https:\/\/api.w.org\/{rel}","templated":true}]}}