{"id":1581,"date":"2024-09-23T10:05:43","date_gmt":"2024-09-23T10:05:43","guid":{"rendered":"https:\/\/www.optowiki.info\/de\/?page_id=1581"},"modified":"2024-09-23T10:16:48","modified_gmt":"2024-09-23T10:16:48","slug":"was-sind-die-herausforderungen-beim-einkleben-von-linsen-in-die-fassung","status":"publish","type":"page","link":"https:\/\/www.optowiki.info\/de\/faq\/faq-oraxis\/was-sind-die-herausforderungen-beim-einkleben-von-linsen-in-die-fassung\/","title":{"rendered":"Was sind die Herausforderungen beim Einkleben von Linsen in die Fassung?"},"content":{"rendered":"<p>Herausforderungen beim Einkleben von Linsen in die Fassung:<\/p>\n<p><strong>Zeit- und Kostenaufwand<\/strong>: Der Prozess ist zeitintensiv und teuer, da speziell ausgebildete Personen ben&ouml;tigt werden.<br>\n<strong>Markierung und Ausrichtung<\/strong>: Linsenelemente m&uuml;ssen vor dem Einkleben in der richtigen Orientierung markiert werden, was zus&auml;tzliche Schritte erfordert.<br>\n<strong>Risiko von Fehlern<\/strong>: Eine falsche Klebung kann das gesamte Objektiv zerst&ouml;ren.<br>\n<strong>Mindestbreite der Linsenr&auml;nder<\/strong>: Die R&auml;nder der Linsen m&uuml;ssen eine bestimmte Breite haben, um das Einkleben zu erm&ouml;glichen.<br>\n<strong>Kapillarkr&auml;fte<\/strong>: Wenn die Linsen zu nah beieinander liegen, k&ouml;nnen Kapillarkr&auml;fte den Kleber zwischen die Linsen ziehen, was zu optischen Problemen f&uuml;hrt.<br>\n<strong>Designanforderungen<\/strong>: Objektive sollten speziell f&uuml;r das Verkleben entworfen sein, um die oben genannten Herausforderungen zu bew&auml;ltigen.<br>\nDiese Punkte verdeutlichen die Komplexit&auml;t und die technischen Anforderungen beim Einkleben von Linsen in die Fassung.<\/p>\n<p>Siehe auch: <a href=\"https:\/\/www.optowiki.info\/de\/faq\/faq-oraxis\/sind-die-linsenelemente-im-objektiv-eingeklebt\/\">Sind die Linsenelemente im Objektiv eingeklebt?<\/a><\/p>\n","protected":false},"excerpt":{"rendered":"<p>Herausforderungen beim Einkleben von Linsen in die Fassung: Zeit- und Kostenaufwand: Der Prozess ist zeitintensiv und teuer, da speziell ausgebildete Personen ben\u00f6tigt werden. Markierung und Ausrichtung: Linsenelemente m\u00fcssen vor dem Einkleben in der richtigen Orientierung markiert werden, was zus\u00e4tzliche Schritte erfordert. Risiko von Fehlern: Eine falsche Klebung kann das gesamte Objektiv zerst\u00f6ren. Mindestbreite der Linsenr\u00e4nder: [&hellip;]<\/p>\n","protected":false},"author":2,"featured_media":0,"parent":1241,"menu_order":0,"comment_status":"closed","ping_status":"closed","template":"","meta":{"footnotes":""},"class_list":["post-1581","page","type-page","status-publish","hentry"],"_links":{"self":[{"href":"https:\/\/www.optowiki.info\/de\/wp-json\/wp\/v2\/pages\/1581","targetHints":{"allow":["GET"]}}],"collection":[{"href":"https:\/\/www.optowiki.info\/de\/wp-json\/wp\/v2\/pages"}],"about":[{"href":"https:\/\/www.optowiki.info\/de\/wp-json\/wp\/v2\/types\/page"}],"author":[{"embeddable":true,"href":"https:\/\/www.optowiki.info\/de\/wp-json\/wp\/v2\/users\/2"}],"replies":[{"embeddable":true,"href":"https:\/\/www.optowiki.info\/de\/wp-json\/wp\/v2\/comments?post=1581"}],"version-history":[{"count":3,"href":"https:\/\/www.optowiki.info\/de\/wp-json\/wp\/v2\/pages\/1581\/revisions"}],"predecessor-version":[{"id":1588,"href":"https:\/\/www.optowiki.info\/de\/wp-json\/wp\/v2\/pages\/1581\/revisions\/1588"}],"up":[{"embeddable":true,"href":"https:\/\/www.optowiki.info\/de\/wp-json\/wp\/v2\/pages\/1241"}],"wp:attachment":[{"href":"https:\/\/www.optowiki.info\/de\/wp-json\/wp\/v2\/media?parent=1581"}],"curies":[{"name":"wp","href":"https:\/\/api.w.org\/{rel}","templated":true}]}}