{"id":1589,"date":"2024-09-23T10:20:33","date_gmt":"2024-09-23T10:20:33","guid":{"rendered":"https:\/\/www.optowiki.info\/de\/?page_id=1589"},"modified":"2024-09-23T10:23:52","modified_gmt":"2024-09-23T10:23:52","slug":"sind-die-objektive-vibrationsgetestet","status":"publish","type":"page","link":"https:\/\/www.optowiki.info\/de\/faq\/faq-oraxis\/sind-die-objektive-vibrationsgetestet\/","title":{"rendered":"Sind die Objektive vibrationsgetestet?"},"content":{"rendered":"<p><strong>Allgemeine Information<\/strong>: Objektive sind im Allgemeinen nicht auf Vibrationsfestigkeit gepr&uuml;ft.<br>\n<strong>Marktanteil<\/strong>: Nur sehr wenige Objektive (im unteren einstelligen Prozentbereich) sind vibrationsfest und k&ouml;nnen Vibrationen und Ersch&uuml;tterungen bauartbedingt vertragen.<br>\n<strong>Zugesicherte Eigenschaften<\/strong>: Es kann sein, dass einige Objektive auch bei Ersch&uuml;tterungen gut arbeiten, jedoch ist dies keine zugesicherte Eigenschaft.<br>\n<strong>Schutzart<\/strong>: Gesch&auml;tzt haben etwa 98% aller Objektive nur die Schutzart IP20, was bedeutet, dass sie nur gegen Staub und nicht gegen Wasser gesch&uuml;tzt sind.<\/p>\n<p>siehe auch:<br>\n<a href=\"https:\/\/www.optowiki.info\/de\/faq\/faq-oraxis\/sind-die-linsenelemente-im-objektiv-eingeklebt\/\">Sind die Linsenelemente im Objektiv eingeklebt?<\/a><br>\n<a href=\"https:\/\/www.optowiki.info\/de\/faq\/faq-oraxis\/was-sind-die-herausforderungen-beim-einkleben-von-linsen-in-die-fassung\/\">Was sind die Herausforderungen beim Einkleben von Linsen in die Fassung?<\/a><\/p>\n","protected":false},"excerpt":{"rendered":"<p>Allgemeine Information: Objektive sind im Allgemeinen nicht auf Vibrationsfestigkeit gepr\u00fcft. Marktanteil: Nur sehr wenige Objektive (im unteren einstelligen Prozentbereich) sind vibrationsfest und k\u00f6nnen Vibrationen und Ersch\u00fctterungen bauartbedingt vertragen. Zugesicherte Eigenschaften: Es kann sein, dass einige Objektive auch bei Ersch\u00fctterungen gut arbeiten, jedoch ist dies keine zugesicherte Eigenschaft. Schutzart: Gesch\u00e4tzt haben etwa 98% aller Objektive nur [&hellip;]<\/p>\n","protected":false},"author":2,"featured_media":0,"parent":1241,"menu_order":0,"comment_status":"closed","ping_status":"closed","template":"","meta":{"footnotes":""},"class_list":["post-1589","page","type-page","status-publish","hentry"],"_links":{"self":[{"href":"https:\/\/www.optowiki.info\/de\/wp-json\/wp\/v2\/pages\/1589","targetHints":{"allow":["GET"]}}],"collection":[{"href":"https:\/\/www.optowiki.info\/de\/wp-json\/wp\/v2\/pages"}],"about":[{"href":"https:\/\/www.optowiki.info\/de\/wp-json\/wp\/v2\/types\/page"}],"author":[{"embeddable":true,"href":"https:\/\/www.optowiki.info\/de\/wp-json\/wp\/v2\/users\/2"}],"replies":[{"embeddable":true,"href":"https:\/\/www.optowiki.info\/de\/wp-json\/wp\/v2\/comments?post=1589"}],"version-history":[{"count":1,"href":"https:\/\/www.optowiki.info\/de\/wp-json\/wp\/v2\/pages\/1589\/revisions"}],"predecessor-version":[{"id":1590,"href":"https:\/\/www.optowiki.info\/de\/wp-json\/wp\/v2\/pages\/1589\/revisions\/1590"}],"up":[{"embeddable":true,"href":"https:\/\/www.optowiki.info\/de\/wp-json\/wp\/v2\/pages\/1241"}],"wp:attachment":[{"href":"https:\/\/www.optowiki.info\/de\/wp-json\/wp\/v2\/media?parent=1589"}],"curies":[{"name":"wp","href":"https:\/\/api.w.org\/{rel}","templated":true}]}}