{"id":204,"date":"2013-06-15T20:23:34","date_gmt":"2013-06-15T20:23:34","guid":{"rendered":"http:\/\/www.optowiki.info\/de\/faq\/warum-wird-fur-objektive-die-brennweite-angegeben-und-nicht-der-offnungswinkel\/"},"modified":"2022-12-06T12:09:41","modified_gmt":"2022-12-06T12:09:41","slug":"warum-wird-fur-objektive-die-brennweite-angegeben-und-nicht-der-offnungswinkel","status":"publish","type":"page","link":"https:\/\/www.optowiki.info\/de\/faq\/faq-objektive\/warum-wird-fur-objektive-die-brennweite-angegeben-und-nicht-der-offnungswinkel\/","title":{"rendered":"Warum wird f\u00fcr Objektive die Brennweite angegeben und nicht der \u00d6ffnungswinkel?"},"content":{"rendered":"<p>Weil sich der &Ouml;ffnungswinkel unter Umst&auml;nden &auml;ndert!<\/p>\n<p>Die <a href=\"https:\/\/www.optowiki.info\/de\/glossar\/brennweite\/\" target=\"_self\" title=\"Abstand vom 2. Hauptpunkt zum 2. Brennpunkt einer Linse.&#8232;F&uuml;r Linsen in Luft ist dies gleich dem Abstand vom ersten Brennpunkt zum ersten Hauptpunkt.&#8232;(jeweils von links nach rechts gemessen!)&#8232;Man beachte, dass die f&uuml;r eine Sammellinsen das die Brennweite positiv und f&uuml;r Zerstreuungslinsen negativ ist. Je gr&ouml;sser die Brennweite, desto kleiner der &Ouml;ffnungswinkel des Objektivs - desto&hellip;\" class=\"encyclopedia\">Brennweite<\/a> eines Objektivs ist eine Eigenschaft, die sich beim Wechsel auf eine andere Kamera nicht &auml;ndert.<\/p>\n<p>Mit der Sensorgr&ouml;&szlig;e &auml;ndert sich jedoch auch der &Ouml;ffnungswinkel.<\/p>\n<p>Auch bei Fokussierung von Objektiven &auml;ndert sich im allgemeinen der &Ouml;ffnungswinkel!<\/p>\n<div class=\"beispiel\">Wird (beim gleichen Objektiv!) eine Kamera mit kleinerem Sensor eingesetzt, so wird auch der&nbsp;<a title=\"&Ouml;ffnungswinkel (Seite nicht vorhanden)\" href=\"http:\/\/www.optowiki.org\/index.php?title=%C3%96ffnungswinkel&amp;action=edit&amp;redlink=1\">&Ouml;ffnungswinkel<\/a>&nbsp;kleiner.<\/div>\n","protected":false},"excerpt":{"rendered":"<p>Weil sich der \u00d6ffnungswinkel unter Umst\u00e4nden \u00e4ndert! Die Brennweite eines Objektivs ist eine Eigenschaft, die sich beim Wechsel auf eine andere Kamera nicht \u00e4ndert. Mit der Sensorgr\u00f6\u00dfe \u00e4ndert sich jedoch auch der \u00d6ffnungswinkel. Auch bei Fokussierung von Objektiven \u00e4ndert sich im allgemeinen der \u00d6ffnungswinkel! Wird (beim gleichen Objektiv!) eine Kamera mit kleinerem Sensor eingesetzt, so [&hellip;]<\/p>\n","protected":false},"author":2,"featured_media":0,"parent":1238,"menu_order":0,"comment_status":"closed","ping_status":"open","template":"","meta":{"footnotes":""},"class_list":["post-204","page","type-page","status-publish","hentry"],"_links":{"self":[{"href":"https:\/\/www.optowiki.info\/de\/wp-json\/wp\/v2\/pages\/204","targetHints":{"allow":["GET"]}}],"collection":[{"href":"https:\/\/www.optowiki.info\/de\/wp-json\/wp\/v2\/pages"}],"about":[{"href":"https:\/\/www.optowiki.info\/de\/wp-json\/wp\/v2\/types\/page"}],"author":[{"embeddable":true,"href":"https:\/\/www.optowiki.info\/de\/wp-json\/wp\/v2\/users\/2"}],"replies":[{"embeddable":true,"href":"https:\/\/www.optowiki.info\/de\/wp-json\/wp\/v2\/comments?post=204"}],"version-history":[{"count":16,"href":"https:\/\/www.optowiki.info\/de\/wp-json\/wp\/v2\/pages\/204\/revisions"}],"predecessor-version":[{"id":1505,"href":"https:\/\/www.optowiki.info\/de\/wp-json\/wp\/v2\/pages\/204\/revisions\/1505"}],"up":[{"embeddable":true,"href":"https:\/\/www.optowiki.info\/de\/wp-json\/wp\/v2\/pages\/1238"}],"wp:attachment":[{"href":"https:\/\/www.optowiki.info\/de\/wp-json\/wp\/v2\/media?parent=204"}],"curies":[{"name":"wp","href":"https:\/\/api.w.org\/{rel}","templated":true}]}}