{"id":243,"date":"2013-06-17T18:32:04","date_gmt":"2013-06-17T18:32:04","guid":{"rendered":"http:\/\/www.optowiki.info\/de\/faq\/wie-bestimmt-man-die-lange-der-notigen-zwischenringe\/"},"modified":"2022-12-06T12:15:12","modified_gmt":"2022-12-06T12:15:12","slug":"wie-bestimmt-man-die-lange-der-notigen-zwischenringe","status":"publish","type":"page","link":"https:\/\/www.optowiki.info\/de\/faq\/faq-oraxis\/wie-bestimmt-man-die-lange-der-notigen-zwischenringe\/","title":{"rendered":"Wie bestimmt man die L\u00e4nge der n\u00f6tigen Zwischenringe?"},"content":{"rendered":"<div class=\"tip\">\n&Auml;ndert sich die Objektweite um <img loading=\"lazy\" decoding=\"async\" src=\"https:\/\/www.optowiki.info\/de\/wp-content\/ql-cache\/quicklatex.com-8c5e441cc7f345b29bc7e68984421439_l3.png\" class=\"ql-img-inline-formula quicklatex-auto-format\" alt=\"\\Delta z\" title=\"Rendered by QuickLaTeX.com\" height=\"12\" width=\"24\" style=\"vertical-align: 0px;\">, So &auml;ndert sich der <a href=\"https:\/\/www.optowiki.info\/de\/glossar\/bildweite\/\" target=\"_self\" title=\"Abstand zwischen bildseitiger Hauptebene und Bild entlang der optischen Achse.\" class=\"encyclopedia\">Bildweite<\/a> um<br>\n<img loading=\"lazy\" decoding=\"async\" src=\"https:\/\/www.optowiki.info\/de\/wp-content\/ql-cache\/quicklatex.com-de38804ba3dc482e7fdb4e0a3897ae0f_l3.png\" class=\"ql-img-inline-formula quicklatex-auto-format\" alt=\"\\Delta z' = - \\frac { (Bildweite - Brennweite) \\cdot \\Delta z}{(ObjektWeite - Brennweite) + \\Delta z }\" title=\"Rendered by QuickLaTeX.com\" height=\"29\" width=\"272\" style=\"vertical-align: -9px;\">\n<p>was der L&auml;nge der n&ouml;tigen Zwischenringe entspricht um neu fokussieren zu k&ouml;nnen.<\/p>\n<\/div>\n<div class=\"detail\">\nNach der Newtonschen Abbildungsgleichung gilt:<br>\n<img loading=\"lazy\" decoding=\"async\" src=\"https:\/\/www.optowiki.info\/de\/wp-content\/ql-cache\/quicklatex.com-12c70dd76ef7aebd09b11fa5e340fa6d_l3.png\" class=\"ql-img-inline-formula quicklatex-auto-format\" alt=\"Brennweite^2 = (Gegenstandsweite - Brennweite) \\cdot (Bildweite - Brennweite)\" title=\"Rendered by QuickLaTeX.com\" height=\"41\" width=\"582\" style=\"vertical-align: -4px;\"><br>\noder kurz:<br>\n<img loading=\"lazy\" decoding=\"async\" src=\"https:\/\/www.optowiki.info\/de\/wp-content\/ql-cache\/quicklatex.com-bedb7307cdc6be91801b8095895632bb_l3.png\" class=\"ql-img-inline-formula quicklatex-auto-format\" alt=\"f^2 = z \\cdot z'\" title=\"Rendered by QuickLaTeX.com\" height=\"19\" width=\"77\" style=\"vertical-align: -4px;\">\n<p>Eine Ver&auml;nderung der Gegenstandsweite um <img loading=\"lazy\" decoding=\"async\" src=\"https:\/\/www.optowiki.info\/de\/wp-content\/ql-cache\/quicklatex.com-8c5e441cc7f345b29bc7e68984421439_l3.png\" class=\"ql-img-inline-formula quicklatex-auto-format\" alt=\"\\Delta z\" title=\"Rendered by QuickLaTeX.com\" height=\"12\" width=\"24\" style=\"vertical-align: 0px;\"> macht sich also in einer Ver&auml;nderung der <a href=\"https:\/\/www.optowiki.info\/de\/glossar\/bildweite\/\" target=\"_self\" title=\"Abstand zwischen bildseitiger Hauptebene und Bild entlang der optischen Achse.\" class=\"encyclopedia\">Bildweite<\/a> um <img loading=\"lazy\" decoding=\"async\" src=\"https:\/\/www.optowiki.info\/de\/wp-content\/ql-cache\/quicklatex.com-360f520991db453ba1d3ddd65b887848_l3.png\" class=\"ql-img-inline-formula quicklatex-auto-format\" alt=\"\\Delta z'\" title=\"Rendered by QuickLaTeX.com\" height=\"14\" width=\"28\" style=\"vertical-align: 0px;\"> bemerkbar.<br>\nDa die Refokussierung die <a href=\"https:\/\/www.optowiki.info\/de\/glossar\/brennweite\/\" target=\"_self\" title=\"Abstand vom 2. Hauptpunkt zum 2. Brennpunkt einer Linse.&#8232;F&uuml;r Linsen in Luft ist dies gleich dem Abstand vom ersten Brennpunkt zum ersten Hauptpunkt.&#8232;(jeweils von links nach rechts gemessen!)&#8232;Man beachte, dass die f&uuml;r eine Sammellinsen das die Brennweite positiv und f&uuml;r Zerstreuungslinsen negativ ist. Je gr&ouml;sser die Brennweite, desto kleiner der &Ouml;ffnungswinkel des Objektivs - desto&hellip;\" class=\"encyclopedia\">Brennweite<\/a> nicht &auml;ndert, ist auch das Quadrat der <a href=\"https:\/\/www.optowiki.info\/de\/glossar\/brennweite\/\" target=\"_self\" title=\"Abstand vom 2. Hauptpunkt zum 2. Brennpunkt einer Linse.&#8232;F&uuml;r Linsen in Luft ist dies gleich dem Abstand vom ersten Brennpunkt zum ersten Hauptpunkt.&#8232;(jeweils von links nach rechts gemessen!)&#8232;Man beachte, dass die f&uuml;r eine Sammellinsen das die Brennweite positiv und f&uuml;r Zerstreuungslinsen negativ ist. Je gr&ouml;sser die Brennweite, desto kleiner der &Ouml;ffnungswinkel des Objektivs - desto&hellip;\" class=\"encyclopedia\">Brennweite<\/a> konstant und es muss gelten :<\/p>\n<p><img loading=\"lazy\" decoding=\"async\" src=\"https:\/\/www.optowiki.info\/de\/wp-content\/ql-cache\/quicklatex.com-30ea29aa5c19651c665fab3602b399ec_l3.png\" class=\"ql-img-inline-formula quicklatex-auto-format\" alt=\"z \\cdot z' = (z + \\Delta z) \\cdot (z' + \\Delta z') = z \\cdot z' + \\Delta z \\cdot z' + z \\cdot \\Delta z' + \\Delta z \\cdot \\Delta z'\" title=\"Rendered by QuickLaTeX.com\" height=\"18\" width=\"506\" style=\"vertical-align: -4px;\"><br>\nund<br>\n<img loading=\"lazy\" decoding=\"async\" src=\"https:\/\/www.optowiki.info\/de\/wp-content\/ql-cache\/quicklatex.com-0d3e15d553f389592778471decfe1235_l3.png\" class=\"ql-img-inline-formula quicklatex-auto-format\" alt=\"\\Delta z' \\cdot (z + \\Delta z) = - z \\cdot \\Delta z\" title=\"Rendered by QuickLaTeX.com\" height=\"18\" width=\"193\" style=\"vertical-align: -4px;\"><br>\nwas f&uuml;r (z != &ndash;<img loading=\"lazy\" decoding=\"async\" src=\"https:\/\/www.optowiki.info\/de\/wp-content\/ql-cache\/quicklatex.com-8c5e441cc7f345b29bc7e68984421439_l3.png\" class=\"ql-img-inline-formula quicklatex-auto-format\" alt=\"\\Delta z\" title=\"Rendered by QuickLaTeX.com\" height=\"12\" width=\"24\" style=\"vertical-align: 0px;\">) &auml;quivalent ist mit<br>\n<img loading=\"lazy\" decoding=\"async\" src=\"https:\/\/www.optowiki.info\/de\/wp-content\/ql-cache\/quicklatex.com-1941a7e00d1fab6aff064cc3ff72d3a7_l3.png\" class=\"ql-img-inline-formula quicklatex-auto-format\" alt=\"\\Delta z' = - \\frac { z' \\cdot \\Delta z}{z + \\Delta z }\" title=\"Rendered by QuickLaTeX.com\" height=\"26\" width=\"105\" style=\"vertical-align: -8px;\"><\/p>\n<\/div>\n<div class=\"example\">Ein Objektiv von f=50mm <a href=\"https:\/\/www.optowiki.info\/de\/glossar\/brennweite\/\" target=\"_self\" title=\"Abstand vom 2. Hauptpunkt zum 2. Brennpunkt einer Linse.&#8232;F&uuml;r Linsen in Luft ist dies gleich dem Abstand vom ersten Brennpunkt zum ersten Hauptpunkt.&#8232;(jeweils von links nach rechts gemessen!)&#8232;Man beachte, dass die f&uuml;r eine Sammellinsen das die Brennweite positiv und f&uuml;r Zerstreuungslinsen negativ ist. Je gr&ouml;sser die Brennweite, desto kleiner der &Ouml;ffnungswinkel des Objektivs - desto&hellip;\" class=\"encyclopedia\">Brennweite<\/a> l&auml;sst sich i.a. erst ab 1 Meter fokussieren, Wieviele Zwischenringe werden ben&ouml;tigt, um es auf 50cm fokussieren?<br>\nDie <a href=\"https:\/\/www.optowiki.info\/de\/glossar\/newtonsche-abbildungsgleichung\/\" target=\"_self\" title=\"[latexpage] Bildentstehung an einer Linse. Die Gr&ouml;&szlig;en z und z' sind rot markiert. Die newtonsche Abbildungsgleichung ist eine nach dem englischen Physiker Isaac Newton benannte Formel der Strahlenoptik. Sie lautet $f^2 = z \\cdot z'$ mit $z = Gegenstandsweite - Brennweite$ und $z'= Bildweite - Brennweite$ Aufgel&ouml;st nach der Gegenstandweite erhalten wir $Gegenstandsweite = Brennweite&hellip;\" class=\"encyclopedia\">Newtonsche Abbildungsgleichung<\/a> liefert uns:<br>\n<img loading=\"lazy\" decoding=\"async\" src=\"https:\/\/www.optowiki.info\/de\/wp-content\/ql-cache\/quicklatex.com-d769fc6e4496edbb3daad400cf1f1536_l3.png\" class=\"ql-img-inline-formula quicklatex-auto-format\" alt=\"2500 = f^2 = (1000 - 50) \\cdot z'\" title=\"Rendered by QuickLaTeX.com\" height=\"19\" width=\"215\" style=\"vertical-align: -4px;\"><br>\noder<br>\n<img loading=\"lazy\" decoding=\"async\" src=\"https:\/\/www.optowiki.info\/de\/wp-content\/ql-cache\/quicklatex.com-9b3e1b6a265bff2199f29581e01d513f_l3.png\" class=\"ql-img-inline-formula quicklatex-auto-format\" alt=\"z' = \\frac {2500}{950} = 2.63...\" title=\"Rendered by QuickLaTeX.com\" height=\"22\" width=\"138\" style=\"vertical-align: -6px;\"><br>\nalso<br>\n<img loading=\"lazy\" decoding=\"async\" src=\"https:\/\/www.optowiki.info\/de\/wp-content\/ql-cache\/quicklatex.com-92fb08884b72700014075fd9ab2c52b6_l3.png\" class=\"ql-img-inline-formula quicklatex-auto-format\" alt=\"\\Delta z' = - \\frac {2.63 \\cdot -500}{950 - 500 }\" title=\"Rendered by QuickLaTeX.com\" height=\"22\" width=\"128\" style=\"vertical-align: -6px;\"><br>\nund damit<br>\n<img loading=\"lazy\" decoding=\"async\" src=\"https:\/\/www.optowiki.info\/de\/wp-content\/ql-cache\/quicklatex.com-0b3521ec1457661bc35f359cf7ccbabc_l3.png\" class=\"ql-img-inline-formula quicklatex-auto-format\" alt=\"\\Delta z' = 2.9.. mm\" title=\"Rendered by QuickLaTeX.com\" height=\"14\" width=\"116\" style=\"vertical-align: 0px;\"><\/div>\n<div class=\"example\">Ein Objektiv von f=50mm <a href=\"https:\/\/www.optowiki.info\/de\/glossar\/brennweite\/\" target=\"_self\" title=\"Abstand vom 2. Hauptpunkt zum 2. Brennpunkt einer Linse.&#8232;F&uuml;r Linsen in Luft ist dies gleich dem Abstand vom ersten Brennpunkt zum ersten Hauptpunkt.&#8232;(jeweils von links nach rechts gemessen!)&#8232;Man beachte, dass die f&uuml;r eine Sammellinsen das die Brennweite positiv und f&uuml;r Zerstreuungslinsen negativ ist. Je gr&ouml;sser die Brennweite, desto kleiner der &Ouml;ffnungswinkel des Objektivs - desto&hellip;\" class=\"encyclopedia\">Brennweite<\/a> l&auml;sst sich i.a. erst ab 1 Meter fokussieren, Wieviele Zwischenringe werden ben&ouml;tigt, um es auf 20cm fokussieren?<br>\nDie <a href=\"https:\/\/www.optowiki.info\/de\/glossar\/newtonsche-abbildungsgleichung\/\" target=\"_self\" title=\"[latexpage] Bildentstehung an einer Linse. Die Gr&ouml;&szlig;en z und z' sind rot markiert. Die newtonsche Abbildungsgleichung ist eine nach dem englischen Physiker Isaac Newton benannte Formel der Strahlenoptik. Sie lautet $f^2 = z \\cdot z'$ mit $z = Gegenstandsweite - Brennweite$ und $z'= Bildweite - Brennweite$ Aufgel&ouml;st nach der Gegenstandweite erhalten wir $Gegenstandsweite = Brennweite&hellip;\" class=\"encyclopedia\">Newtonsche Abbildungsgleichung<\/a> liefert uns:<br>\n<img loading=\"lazy\" decoding=\"async\" src=\"https:\/\/www.optowiki.info\/de\/wp-content\/ql-cache\/quicklatex.com-d769fc6e4496edbb3daad400cf1f1536_l3.png\" class=\"ql-img-inline-formula quicklatex-auto-format\" alt=\"2500 = f^2 = (1000 - 50) \\cdot z'\" title=\"Rendered by QuickLaTeX.com\" height=\"19\" width=\"215\" style=\"vertical-align: -4px;\"><br>\noder<br>\n<img loading=\"lazy\" decoding=\"async\" src=\"https:\/\/www.optowiki.info\/de\/wp-content\/ql-cache\/quicklatex.com-9b3e1b6a265bff2199f29581e01d513f_l3.png\" class=\"ql-img-inline-formula quicklatex-auto-format\" alt=\"z' = \\frac {2500}{950} = 2.63...\" title=\"Rendered by QuickLaTeX.com\" height=\"22\" width=\"138\" style=\"vertical-align: -6px;\"><br>\nalso<br>\n<img loading=\"lazy\" decoding=\"async\" src=\"https:\/\/www.optowiki.info\/de\/wp-content\/ql-cache\/quicklatex.com-b4005e72756a20a5dadcf2c67192422c_l3.png\" class=\"ql-img-inline-formula quicklatex-auto-format\" alt=\"\\Delta z' = - \\frac {2.63 \\cdot -800}{950 - 800 }\" title=\"Rendered by QuickLaTeX.com\" height=\"22\" width=\"128\" style=\"vertical-align: -6px;\"><br>\nund damit<br>\n<img loading=\"lazy\" decoding=\"async\" src=\"https:\/\/www.optowiki.info\/de\/wp-content\/ql-cache\/quicklatex.com-48843eecdc6f3cea1adb3072aaf35ca4_l3.png\" class=\"ql-img-inline-formula quicklatex-auto-format\" alt=\"\\Delta z' = 14.03.. mm\" title=\"Rendered by QuickLaTeX.com\" height=\"15\" width=\"134\" style=\"vertical-align: -1px;\"><\/div>\n<div class=\"example\">Ein Objektiv von f=50mm <a href=\"https:\/\/www.optowiki.info\/de\/glossar\/brennweite\/\" target=\"_self\" title=\"Abstand vom 2. Hauptpunkt zum 2. Brennpunkt einer Linse.&#8232;F&uuml;r Linsen in Luft ist dies gleich dem Abstand vom ersten Brennpunkt zum ersten Hauptpunkt.&#8232;(jeweils von links nach rechts gemessen!)&#8232;Man beachte, dass die f&uuml;r eine Sammellinsen das die Brennweite positiv und f&uuml;r Zerstreuungslinsen negativ ist. Je gr&ouml;sser die Brennweite, desto kleiner der &Ouml;ffnungswinkel des Objektivs - desto&hellip;\" class=\"encyclopedia\">Brennweite<\/a> l&auml;sst sich i.a. erst ab 1 Meter fokussieren, Wieviele Zwischenringe werden ben&ouml;tigt, um es auf 10cm fokussieren?<br>\nDie <a href=\"https:\/\/www.optowiki.info\/de\/glossar\/newtonsche-abbildungsgleichung\/\" target=\"_self\" title=\"[latexpage] Bildentstehung an einer Linse. Die Gr&ouml;&szlig;en z und z' sind rot markiert. Die newtonsche Abbildungsgleichung ist eine nach dem englischen Physiker Isaac Newton benannte Formel der Strahlenoptik. Sie lautet $f^2 = z \\cdot z'$ mit $z = Gegenstandsweite - Brennweite$ und $z'= Bildweite - Brennweite$ Aufgel&ouml;st nach der Gegenstandweite erhalten wir $Gegenstandsweite = Brennweite&hellip;\" class=\"encyclopedia\">Newtonsche Abbildungsgleichung<\/a> liefert uns:<br>\n<img loading=\"lazy\" decoding=\"async\" src=\"https:\/\/www.optowiki.info\/de\/wp-content\/ql-cache\/quicklatex.com-d769fc6e4496edbb3daad400cf1f1536_l3.png\" class=\"ql-img-inline-formula quicklatex-auto-format\" alt=\"2500 = f^2 = (1000 - 50) \\cdot z'\" title=\"Rendered by QuickLaTeX.com\" height=\"19\" width=\"215\" style=\"vertical-align: -4px;\"><br>\noder<br>\n<img loading=\"lazy\" decoding=\"async\" src=\"https:\/\/www.optowiki.info\/de\/wp-content\/ql-cache\/quicklatex.com-9b3e1b6a265bff2199f29581e01d513f_l3.png\" class=\"ql-img-inline-formula quicklatex-auto-format\" alt=\"z' = \\frac {2500}{950} = 2.63...\" title=\"Rendered by QuickLaTeX.com\" height=\"22\" width=\"138\" style=\"vertical-align: -6px;\"><br>\nalso<br>\n<img loading=\"lazy\" decoding=\"async\" src=\"https:\/\/www.optowiki.info\/de\/wp-content\/ql-cache\/quicklatex.com-1664dc5e2fc24690f12694d701882ad8_l3.png\" class=\"ql-img-inline-formula quicklatex-auto-format\" alt=\"\\Delta z' = - \\frac {2.63 \\cdot -900}{950 - 900 }\" title=\"Rendered by QuickLaTeX.com\" height=\"22\" width=\"128\" style=\"vertical-align: -6px;\"><br>\nund damit<br>\n<img loading=\"lazy\" decoding=\"async\" src=\"https:\/\/www.optowiki.info\/de\/wp-content\/ql-cache\/quicklatex.com-6cd5c9f6c54b53eea60f67ef3f60da44_l3.png\" class=\"ql-img-inline-formula quicklatex-auto-format\" alt=\"\\Delta z' = 47.34.. mm\" title=\"Rendered by QuickLaTeX.com\" height=\"15\" width=\"134\" style=\"vertical-align: -1px;\"><\/div>\n<div class=\"tip\">\nIm Vergleich zur <img loading=\"lazy\" decoding=\"async\" src=\"https:\/\/www.optowiki.info\/de\/wp-content\/ql-cache\/quicklatex.com-8643d7e362929e2bc4b50167a68a2d39_l3.png\" class=\"ql-img-inline-formula quicklatex-auto-format\" alt=\"\\infty\" title=\"Rendered by QuickLaTeX.com\" height=\"8\" width=\"16\" style=\"vertical-align: 0px;\"> Einstellung (= <a href=\"https:\/\/www.optowiki.info\/de\/glossar\/bfl\/\" target=\"_self\" title=\"Abstand zwischen der letzten optisch aktiven Fl&auml;che und dem Bild unendlich entfernter achsnaher Objekte\" class=\"encyclopedia\">BFL<\/a>) &auml;ndert sich die <a href=\"https:\/\/www.optowiki.info\/de\/glossar\/bildweite\/\" target=\"_self\" title=\"Abstand zwischen bildseitiger Hauptebene und Bild entlang der optischen Achse.\" class=\"encyclopedia\">Bildweite<\/a> um<br>\n<img loading=\"lazy\" decoding=\"async\" src=\"https:\/\/www.optowiki.info\/de\/wp-content\/ql-cache\/quicklatex.com-8e1de5362d9a78e3ea724f1f607a25aa_l3.png\" class=\"ql-img-inline-formula quicklatex-auto-format\" alt=\"\\Delta z' = Bildweite - Brennweite = -\\frac {Brennweite^2}{ObjektWeite - Brennweite}\" title=\"Rendered by QuickLaTeX.com\" height=\"27\" width=\"449\" style=\"vertical-align: -9px;\">\n<p>was der L&auml;nge der n&ouml;tigen Zwischenringe entspricht um auf Objektweite fokussieren zu k&ouml;nnen.<\/p>\n<\/div>\n<div class=\"detail\">\nEinfach, weil nach Newton gilt :<br>\n<img loading=\"lazy\" decoding=\"async\" src=\"https:\/\/www.optowiki.info\/de\/wp-content\/ql-cache\/quicklatex.com-cca1c452829d4b2f0bf5cdaeee5a155f_l3.png\" class=\"ql-img-inline-formula quicklatex-auto-format\" alt=\"\\Delta z' =  -\\frac {Brennweite^2}{\\Delta z}\" title=\"Rendered by QuickLaTeX.com\" height=\"24\" width=\"149\" style=\"vertical-align: -6px;\"><br>\nmit<br>\n<img loading=\"lazy\" decoding=\"async\" src=\"https:\/\/www.optowiki.info\/de\/wp-content\/ql-cache\/quicklatex.com-55410136b3bfcee273b0b4a5e9718ec2_l3.png\" class=\"ql-img-inline-formula quicklatex-auto-format\" alt=\"\\Delta z = Objektweite - Brennweite\" title=\"Rendered by QuickLaTeX.com\" height=\"17\" width=\"259\" style=\"vertical-align: -4px;\"><\/div>\n<div class=\"example\">Wieviele Zwischenringe sind n&ouml;tig, um ein f=50mm Objektiv auf 50cm zu fokussieren?<br>\nAus der Gleichung oben ergibt sich:<br>\n<img loading=\"lazy\" decoding=\"async\" src=\"https:\/\/www.optowiki.info\/de\/wp-content\/ql-cache\/quicklatex.com-8e1de5362d9a78e3ea724f1f607a25aa_l3.png\" class=\"ql-img-inline-formula quicklatex-auto-format\" alt=\"\\Delta z' = Bildweite - Brennweite = -\\frac {Brennweite^2}{ObjektWeite - Brennweite}\" title=\"Rendered by QuickLaTeX.com\" height=\"27\" width=\"449\" style=\"vertical-align: -9px;\"><br>\nelse<br>\n<img loading=\"lazy\" decoding=\"async\" src=\"https:\/\/www.optowiki.info\/de\/wp-content\/ql-cache\/quicklatex.com-7e00d6a8f452277ac10ec4fd444a9ca9_l3.png\" class=\"ql-img-inline-formula quicklatex-auto-format\" alt=\"\\Delta z' = -\\frac{2500}{500 - 50} =  -\\frac{2500}{450}\" title=\"Rendered by QuickLaTeX.com\" height=\"22\" width=\"182\" style=\"vertical-align: -6px;\"> = -5.55mm<br>\nDie hintere Schnittweite (=<a href=\"https:\/\/www.optowiki.info\/de\/glossar\/bfl\/\" target=\"_self\" title=\"Abstand zwischen der letzten optisch aktiven Fl&auml;che und dem Bild unendlich entfernter achsnaher Objekte\" class=\"encyclopedia\">BFL<\/a>) ist also in der 500mm Einstellung um 5.55mm l&auml;nger also in der <img loading=\"lazy\" decoding=\"async\" src=\"https:\/\/www.optowiki.info\/de\/wp-content\/ql-cache\/quicklatex.com-8643d7e362929e2bc4b50167a68a2d39_l3.png\" class=\"ql-img-inline-formula quicklatex-auto-format\" alt=\"\\infty\" title=\"Rendered by QuickLaTeX.com\" height=\"8\" width=\"16\" style=\"vertical-align: 0px;\"> Einstellung<\/div>\n<div class=\"example\">Wieviele Zwischenringe sind n&ouml;tig, um ein f=50mm Objektiv auf 20cm zu fokussieren?<br>\nAus der Gleichung oben ergibt sich:<br>\n<img loading=\"lazy\" decoding=\"async\" src=\"https:\/\/www.optowiki.info\/de\/wp-content\/ql-cache\/quicklatex.com-8e1de5362d9a78e3ea724f1f607a25aa_l3.png\" class=\"ql-img-inline-formula quicklatex-auto-format\" alt=\"\\Delta z' = Bildweite - Brennweite = -\\frac {Brennweite^2}{ObjektWeite - Brennweite}\" title=\"Rendered by QuickLaTeX.com\" height=\"27\" width=\"449\" style=\"vertical-align: -9px;\"><br>\nelse<br>\n<img loading=\"lazy\" decoding=\"async\" src=\"https:\/\/www.optowiki.info\/de\/wp-content\/ql-cache\/quicklatex.com-921ba2a2555ce83ffcf3575253e6f907_l3.png\" class=\"ql-img-inline-formula quicklatex-auto-format\" alt=\"\\Delta z' = -\\frac{2500}{200 - 50} =  -\\frac{2500}{150}\" title=\"Rendered by QuickLaTeX.com\" height=\"23\" width=\"182\" style=\"vertical-align: -7px;\"> = -16.67mm<br>\nDie hintere Schnittweite (=<a href=\"https:\/\/www.optowiki.info\/de\/glossar\/bfl\/\" target=\"_self\" title=\"Abstand zwischen der letzten optisch aktiven Fl&auml;che und dem Bild unendlich entfernter achsnaher Objekte\" class=\"encyclopedia\">BFL<\/a>) ist also in der 200mm Einstellung um 16.67mm l&auml;nger also in der <img loading=\"lazy\" decoding=\"async\" src=\"https:\/\/www.optowiki.info\/de\/wp-content\/ql-cache\/quicklatex.com-8643d7e362929e2bc4b50167a68a2d39_l3.png\" class=\"ql-img-inline-formula quicklatex-auto-format\" alt=\"\\infty\" title=\"Rendered by QuickLaTeX.com\" height=\"8\" width=\"16\" style=\"vertical-align: 0px;\"> Einstellung<\/div>\n<div class=\"example\">Wieviele Zwischenringe sind n&ouml;tig, um ein f=50mm Objektiv auf 10cm zu fokussieren?<br>\nAus der Gleichung oben ergibt sich:<br>\n<img loading=\"lazy\" decoding=\"async\" src=\"https:\/\/www.optowiki.info\/de\/wp-content\/ql-cache\/quicklatex.com-8e1de5362d9a78e3ea724f1f607a25aa_l3.png\" class=\"ql-img-inline-formula quicklatex-auto-format\" alt=\"\\Delta z' = Bildweite - Brennweite = -\\frac {Brennweite^2}{ObjektWeite - Brennweite}\" title=\"Rendered by QuickLaTeX.com\" height=\"27\" width=\"449\" style=\"vertical-align: -9px;\"><br>\nelse<br>\n<img loading=\"lazy\" decoding=\"async\" src=\"https:\/\/www.optowiki.info\/de\/wp-content\/ql-cache\/quicklatex.com-9d6969900c0a40cc09ca0cf32af47b90_l3.png\" class=\"ql-img-inline-formula quicklatex-auto-format\" alt=\"\\Delta z' = -\\frac{2500}{100 - 50} =  -\\frac{2500}{50}\" title=\"Rendered by QuickLaTeX.com\" height=\"23\" width=\"182\" style=\"vertical-align: -7px;\"> = -50mm<br>\nDie hintere Schnittweite (=<a href=\"https:\/\/www.optowiki.info\/de\/glossar\/bfl\/\" target=\"_self\" title=\"Abstand zwischen der letzten optisch aktiven Fl&auml;che und dem Bild unendlich entfernter achsnaher Objekte\" class=\"encyclopedia\">BFL<\/a>) ist also in der 100mm Einstellung um 50mm l&auml;nger also in der <img loading=\"lazy\" decoding=\"async\" src=\"https:\/\/www.optowiki.info\/de\/wp-content\/ql-cache\/quicklatex.com-8643d7e362929e2bc4b50167a68a2d39_l3.png\" class=\"ql-img-inline-formula quicklatex-auto-format\" alt=\"\\infty\" title=\"Rendered by QuickLaTeX.com\" height=\"8\" width=\"16\" style=\"vertical-align: 0px;\"> Einstellung<\/div>\n","protected":false},"excerpt":{"rendered":"<p>\u00c4ndert sich die Objektweite um , So \u00e4ndert sich der Bildweite um was der L\u00e4nge der n\u00f6tigen Zwischenringe entspricht um neu fokussieren zu k\u00f6nnen. Nach der Newtonschen Abbildungsgleichung gilt: oder kurz: Eine Ver\u00e4nderung der Gegenstandsweite um macht sich also in einer Ver\u00e4nderung der Bildweite um bemerkbar. Da die Refokussierung die Brennweite nicht \u00e4ndert, ist auch [&hellip;]<\/p>\n","protected":false},"author":2,"featured_media":0,"parent":1241,"menu_order":0,"comment_status":"closed","ping_status":"open","template":"","meta":{"footnotes":""},"class_list":["post-243","page","type-page","status-publish","hentry"],"_links":{"self":[{"href":"https:\/\/www.optowiki.info\/de\/wp-json\/wp\/v2\/pages\/243","targetHints":{"allow":["GET"]}}],"collection":[{"href":"https:\/\/www.optowiki.info\/de\/wp-json\/wp\/v2\/pages"}],"about":[{"href":"https:\/\/www.optowiki.info\/de\/wp-json\/wp\/v2\/types\/page"}],"author":[{"embeddable":true,"href":"https:\/\/www.optowiki.info\/de\/wp-json\/wp\/v2\/users\/2"}],"replies":[{"embeddable":true,"href":"https:\/\/www.optowiki.info\/de\/wp-json\/wp\/v2\/comments?post=243"}],"version-history":[{"count":16,"href":"https:\/\/www.optowiki.info\/de\/wp-json\/wp\/v2\/pages\/243\/revisions"}],"predecessor-version":[{"id":1511,"href":"https:\/\/www.optowiki.info\/de\/wp-json\/wp\/v2\/pages\/243\/revisions\/1511"}],"up":[{"embeddable":true,"href":"https:\/\/www.optowiki.info\/de\/wp-json\/wp\/v2\/pages\/1241"}],"wp:attachment":[{"href":"https:\/\/www.optowiki.info\/de\/wp-json\/wp\/v2\/media?parent=243"}],"curies":[{"name":"wp","href":"https:\/\/api.w.org\/{rel}","templated":true}]}}