{"id":252,"date":"2013-06-18T15:01:00","date_gmt":"2013-06-18T15:01:00","guid":{"rendered":"http:\/\/www.optowiki.info\/de\/faq\/wie-rechnet-man-die-pixelgrose-in-linienpaare-pro-millimeter-um\/"},"modified":"2022-12-06T13:16:29","modified_gmt":"2022-12-06T13:16:29","slug":"wie-rechnet-man-die-pixelgrose-in-linienpaare-pro-millimeter-um","status":"publish","type":"page","link":"https:\/\/www.optowiki.info\/de\/faq\/faq-umrechnung\/wie-rechnet-man-die-pixelgrose-in-linienpaare-pro-millimeter-um\/","title":{"rendered":"Wie rechnet man die Pixelgr\u00f6\u00dfe in Linienpaare pro millimeter um ?"},"content":{"rendered":"<p>F&uuml;r monochrome Anwendungen multipliziert man die Pixelgr&ouml;sse mit 1.41 (=Wurzel aus 2) und erh&auml;lt so die Diagonale des Pixels.<\/p>\n<p>F&uuml;r Farbanwendungen kann man im allgemeinen mit dem Faktor 2 arbeiten.<\/p>\n<p>Nun berechnet man, wieviele dieser Details auf einen Millimeter passen.<\/p>\n<p>Man erh&auml;lt 1000 \/ ( Pixelgr&ouml;sse * Faktor) f&uuml;r den We3rt &bdquo;Linien pro Millimeter&ldquo;.<\/p>\n<p>Das sind halb so viel &bdquo;Linienpaare&ldquo;, also teilen wir 1000 durch 2 und erhalten<\/p>\n<p>Linienpaare_pro_mm = 500 \/ ( Pixelgr&ouml;sse in um * Faktor)<\/p>\n<p><span class=\"beispiel\"><br>\nBeispiel : 5.5um pixel monochrom entspricht 500\/(5.5*1.4) = 500 \/ 7.7 = 65 lp\/mm<br>\n<\/span><br>\nBeispiel : 2.2um pixel farbe entspricht 500\/(2.2*2) = 500 \/ 4.4 = 114 lp\/mm<\/p>\n","protected":false},"excerpt":{"rendered":"<p>F\u00fcr monochrome Anwendungen multipliziert man die Pixelgr\u00f6sse mit 1.41 (=Wurzel aus 2) und erh\u00e4lt so die Diagonale des Pixels. F\u00fcr Farbanwendungen kann man im allgemeinen mit dem Faktor 2 arbeiten. Nun berechnet man, wieviele dieser Details auf einen Millimeter passen. Man erh\u00e4lt 1000 \/ ( Pixelgr\u00f6sse * Faktor) f\u00fcr den We3rt &#8222;Linien pro Millimeter&#8220;. Das [&hellip;]<\/p>\n","protected":false},"author":2,"featured_media":0,"parent":1247,"menu_order":0,"comment_status":"closed","ping_status":"open","template":"","meta":{"footnotes":""},"class_list":["post-252","page","type-page","status-publish","hentry"],"_links":{"self":[{"href":"https:\/\/www.optowiki.info\/de\/wp-json\/wp\/v2\/pages\/252","targetHints":{"allow":["GET"]}}],"collection":[{"href":"https:\/\/www.optowiki.info\/de\/wp-json\/wp\/v2\/pages"}],"about":[{"href":"https:\/\/www.optowiki.info\/de\/wp-json\/wp\/v2\/types\/page"}],"author":[{"embeddable":true,"href":"https:\/\/www.optowiki.info\/de\/wp-json\/wp\/v2\/users\/2"}],"replies":[{"embeddable":true,"href":"https:\/\/www.optowiki.info\/de\/wp-json\/wp\/v2\/comments?post=252"}],"version-history":[{"count":4,"href":"https:\/\/www.optowiki.info\/de\/wp-json\/wp\/v2\/pages\/252\/revisions"}],"predecessor-version":[{"id":264,"href":"https:\/\/www.optowiki.info\/de\/wp-json\/wp\/v2\/pages\/252\/revisions\/264"}],"up":[{"embeddable":true,"href":"https:\/\/www.optowiki.info\/de\/wp-json\/wp\/v2\/pages\/1247"}],"wp:attachment":[{"href":"https:\/\/www.optowiki.info\/de\/wp-json\/wp\/v2\/media?parent=252"}],"curies":[{"name":"wp","href":"https:\/\/api.w.org\/{rel}","templated":true}]}}