{"id":396,"date":"2013-07-06T17:05:10","date_gmt":"2013-07-06T17:05:10","guid":{"rendered":"http:\/\/www.optowiki.info\/de\/faq\/wie-kann-man-einer-einzellinse-ansehen-ob-sie-eine-sammellinse-oder-eine-streulinse-ist\/"},"modified":"2022-12-06T13:19:39","modified_gmt":"2022-12-06T13:19:39","slug":"wie-kann-man-einer-einzellinse-ansehen-ob-sie-eine-sammellinse-oder-eine-streulinse-ist","status":"publish","type":"page","link":"https:\/\/www.optowiki.info\/de\/faq\/faq-geometrische-optik\/wie-kann-man-einer-einzellinse-ansehen-ob-sie-eine-sammellinse-oder-eine-streulinse-ist\/","title":{"rendered":"Wie kann man einer Einzellinse ansehen ob sie eine Sammellinse oder eine Streulinse ist?"},"content":{"rendered":"<p>Sammellinsen sind im allgemeinen in der Mitte dicker als am Rand. Streulinsen sind d&uuml;nner. Sonderf&auml;lle gibt es bei Meniskuslinsen<\/p>\n<p>Beispiele f&uuml;r Sammellinsen:<\/p>\n<p>Alle konvex-plano linsen, alle plano-konvex-Linsen, alle bikonvexen Linsen &hellip;<\/p>\n<div class=\"beispiel\">\n  ()   (|    |)<\/div>\n<p>&hellip; sowie Meniskuslinsen mit gleichen Radien&nbsp;:<\/p>\n<div class=\"beispiel\">\n  ((   ))<\/div>\n<p>Beispiele f&uuml;r Streulinsen:<\/p>\n<p>Alle konkav-plano linsen, alle plano-konkav-Linsen, alle bikonkaven Linsen<\/p>\n<div class=\"beispiel\">  )|   |(    )(<\/div>\n","protected":false},"excerpt":{"rendered":"<p>Sammellinsen sind im allgemeinen in der Mitte dicker als am Rand. Streulinsen sind d\u00fcnner. Sonderf\u00e4lle gibt es bei Meniskuslinsen Beispiele f\u00fcr Sammellinsen: Alle konvex-plano linsen, alle plano-konvex-Linsen, alle bikonvexen Linsen &#8230; () (| |) &#8230; sowie Meniskuslinsen mit gleichen Radien&nbsp;: (( )) Beispiele f\u00fcr Streulinsen: Alle konkav-plano linsen, alle plano-konkav-Linsen, alle bikonkaven Linsen )| |( [&hellip;]<\/p>\n","protected":false},"author":2,"featured_media":0,"parent":1251,"menu_order":0,"comment_status":"closed","ping_status":"open","template":"","meta":{"footnotes":""},"class_list":["post-396","page","type-page","status-publish","hentry"],"_links":{"self":[{"href":"https:\/\/www.optowiki.info\/de\/wp-json\/wp\/v2\/pages\/396","targetHints":{"allow":["GET"]}}],"collection":[{"href":"https:\/\/www.optowiki.info\/de\/wp-json\/wp\/v2\/pages"}],"about":[{"href":"https:\/\/www.optowiki.info\/de\/wp-json\/wp\/v2\/types\/page"}],"author":[{"embeddable":true,"href":"https:\/\/www.optowiki.info\/de\/wp-json\/wp\/v2\/users\/2"}],"replies":[{"embeddable":true,"href":"https:\/\/www.optowiki.info\/de\/wp-json\/wp\/v2\/comments?post=396"}],"version-history":[{"count":6,"href":"https:\/\/www.optowiki.info\/de\/wp-json\/wp\/v2\/pages\/396\/revisions"}],"predecessor-version":[{"id":1523,"href":"https:\/\/www.optowiki.info\/de\/wp-json\/wp\/v2\/pages\/396\/revisions\/1523"}],"up":[{"embeddable":true,"href":"https:\/\/www.optowiki.info\/de\/wp-json\/wp\/v2\/pages\/1251"}],"wp:attachment":[{"href":"https:\/\/www.optowiki.info\/de\/wp-json\/wp\/v2\/media?parent=396"}],"curies":[{"name":"wp","href":"https:\/\/api.w.org\/{rel}","templated":true}]}}