{"id":595,"date":"2013-07-13T22:18:24","date_gmt":"2013-07-13T22:18:24","guid":{"rendered":"http:\/\/www.optowiki.info\/de\/?page_id=595"},"modified":"2016-02-02T12:30:18","modified_gmt":"2016-02-02T12:30:18","slug":"kapitel-03-feindliche-bruder-unvereinbare-eigenschaften-von-objektiven","status":"publish","type":"page","link":"https:\/\/www.optowiki.info\/de\/buch\/kapitel-03-feindliche-bruder-unvereinbare-eigenschaften-von-objektiven\/","title":{"rendered":"Kapitel 03: Feindliche Br\u00fcder &#8211; Unvereinbare Eigenschaften von Objektiven"},"content":{"rendered":"<p>In der Optik gilt wahrlich : man kann nicht alles haben<\/p>\n<p>Diverse Eigenschaften von Objektiven wie etwa <a href=\"https:\/\/www.optowiki.info\/de\/glossar\/scharfentiefe\/\" target=\"_self\" title=\"[latexpage] Abstands-Bereich in dem das Bild hinreichend fokussiert ist. Es gilt : DOF&nbsp;= Fernpunkt - Nahpunkt Die gr&ouml;sste Sch&auml;rfentiefe (n&auml;mlich $\\infty$) erh&auml;lt man, wenn man das Objektiv auf die sog. Hyperfokale Distanz H einstellt. Dann ist von $\\frac{H}{2}$ bis $\\infty$ fokussiert. siehe auch: Kann man die Sch&auml;rfentiefe durch &Auml;nderung der Brennweite erh&ouml;hen, wenn Helligkeit und&hellip;\" class=\"encyclopedia\">Sch&auml;rfentiefe<\/a> vs. Lichtst&auml;rke arbeiten gegeneinander ..<\/p>\n<h3><b>Sch&auml;rfentiefe vs. Lichtempfindlichkeit<br>\n<\/b>Sch&auml;rfentiefe vs. Ausl&ouml;sung<br>\n<b>Randabdunklung vs. Verzeichnung<br>\n<\/b><b>Qualit&auml;t vs. Preis<br>\n<\/b><b>Es gibt eine unterere Grenze f&uuml;r den Objektivpreis<br>\n<\/b><b>Kostentreiber Nr. 1 : Lichtst&auml;rke<br>\n<\/b><b>Kostentreiber Verzeichnung<\/b><\/h3>\n<p><b>Kostentreiber Aufl&ouml;sung<\/b><\/p>\n<h3><b><br>\n<\/b><b>&nbsp;<\/b><\/h3>\n<h3><b>&nbsp;<\/b><\/h3>\n<h3><b>&nbsp;<\/b><\/h3>\n<p>&nbsp;<\/p>\n<h3><\/h3>\n<p>&nbsp;<\/p>\n<p>&nbsp;<\/p>\n<p><b>&nbsp;<\/b><\/p>\n","protected":false},"excerpt":{"rendered":"<p>In der Optik gilt wahrlich : man kann nicht alles haben Diverse Eigenschaften von Objektiven wie etwa Sch\u00e4rfentiefe vs. Lichtst\u00e4rke arbeiten gegeneinander .. Sch\u00e4rfentiefe vs. Lichtempfindlichkeit Sch\u00e4rfentiefe vs. Ausl\u00f6sung Randabdunklung vs. Verzeichnung Qualit\u00e4t vs. Preis Es gibt eine unterere Grenze f\u00fcr den Objektivpreis Kostentreiber Nr. 1 : Lichtst\u00e4rke Kostentreiber Verzeichnung Kostentreiber Aufl\u00f6sung \u00a0 \u00a0 \u00a0 [&hellip;]<\/p>\n","protected":false},"author":2,"featured_media":0,"parent":230,"menu_order":0,"comment_status":"closed","ping_status":"open","template":"","meta":{"footnotes":""},"class_list":["post-595","page","type-page","status-publish","hentry"],"_links":{"self":[{"href":"https:\/\/www.optowiki.info\/de\/wp-json\/wp\/v2\/pages\/595","targetHints":{"allow":["GET"]}}],"collection":[{"href":"https:\/\/www.optowiki.info\/de\/wp-json\/wp\/v2\/pages"}],"about":[{"href":"https:\/\/www.optowiki.info\/de\/wp-json\/wp\/v2\/types\/page"}],"author":[{"embeddable":true,"href":"https:\/\/www.optowiki.info\/de\/wp-json\/wp\/v2\/users\/2"}],"replies":[{"embeddable":true,"href":"https:\/\/www.optowiki.info\/de\/wp-json\/wp\/v2\/comments?post=595"}],"version-history":[{"count":10,"href":"https:\/\/www.optowiki.info\/de\/wp-json\/wp\/v2\/pages\/595\/revisions"}],"predecessor-version":[{"id":648,"href":"https:\/\/www.optowiki.info\/de\/wp-json\/wp\/v2\/pages\/595\/revisions\/648"}],"up":[{"embeddable":true,"href":"https:\/\/www.optowiki.info\/de\/wp-json\/wp\/v2\/pages\/230"}],"wp:attachment":[{"href":"https:\/\/www.optowiki.info\/de\/wp-json\/wp\/v2\/media?parent=595"}],"curies":[{"name":"wp","href":"https:\/\/api.w.org\/{rel}","templated":true}]}}